{"id":16336,"date":"2024-12-10T15:44:19","date_gmt":"2024-12-10T14:44:19","guid":{"rendered":"https:\/\/www.dhc-consulting.com\/ch\/?page_id=16336"},"modified":"2024-12-10T15:52:40","modified_gmt":"2024-12-10T14:52:40","slug":"weitere-informationen-zur-ki-system-validierung","status":"publish","type":"page","link":"https:\/\/www.dhc-consulting.com\/ch\/weitere-informationen-zur-ki-system-validierung\/","title":{"rendered":"Weitere Informationen zur Validierung von KI-Systemen"},"content":{"rendered":"<p>Sie interessieren sich f\u00fcr die <a href=\"https:\/\/www.dhc-consulting.com\/ch\/managed-services\/managed-validation-services\/\"><strong>DHC Validation Services<\/strong><\/a>? Dann fordern Sie weitere Informationen an oder vereinbaren Sie jetzt ein unverbindliches Erstgespr\u00e4ch, und wir zeigen Ihnen, wie Sie mit den DHC Managed Validation Services Ihren Validierungsaufwand effizient bew\u00e4ltigen und audit-ready bleiben. Wir freuen uns auf den Austausch mit Ihnen!<\/p>\n\n<div class=\"wpcf7 no-js\" id=\"wpcf7-f16329-o1\" lang=\"de-DE\" dir=\"ltr\" data-wpcf7-id=\"16329\">\n<div class=\"screen-reader-response\"><p role=\"status\" aria-live=\"polite\" aria-atomic=\"true\"><\/p> <ul><\/ul><\/div>\n<form action=\"\/ch\/wp-json\/wp\/v2\/pages\/16336#wpcf7-f16329-o1\" method=\"post\" class=\"wpcf7-form init\" aria-label=\"Kontaktformular\" novalidate=\"novalidate\" data-status=\"init\">\n<div style=\"display: none;\">\n<input type=\"hidden\" name=\"_wpcf7\" value=\"16329\" \/>\n<input type=\"hidden\" name=\"_wpcf7_version\" value=\"6.0.6\" \/>\n<input type=\"hidden\" name=\"_wpcf7_locale\" value=\"de_DE_formal\" \/>\n<input type=\"hidden\" name=\"_wpcf7_unit_tag\" value=\"wpcf7-f16329-o1\" \/>\n<input type=\"hidden\" name=\"_wpcf7_container_post\" value=\"0\" \/>\n<input type=\"hidden\" name=\"_wpcf7_posted_data_hash\" value=\"\" \/>\n<\/div>\n<p><strong>Name*:<\/strong><span class=\"wpcf7-form-control-wrap\" data-name=\"your-name\"><input size=\"40\" maxlength=\"400\" class=\"wpcf7-form-control wpcf7-text wpcf7-validates-as-required\" aria-required=\"true\" aria-invalid=\"false\" placeholder=\"Name\" value=\"\" type=\"text\" name=\"your-name\" \/><\/span>\n<\/p>\n<p><strong>Funktion*:<\/strong><span class=\"wpcf7-form-control-wrap\" data-name=\"funktion\"><input size=\"40\" maxlength=\"400\" class=\"wpcf7-form-control wpcf7-text wpcf7-validates-as-required\" aria-required=\"true\" aria-invalid=\"false\" placeholder=\"Jobtitel\" value=\"\" type=\"text\" name=\"funktion\" \/><\/span>\n<\/p>\n<p><strong>Unternehmen*: <\/strong><span class=\"wpcf7-form-control-wrap\" data-name=\"firma\"><input size=\"40\" maxlength=\"400\" class=\"wpcf7-form-control wpcf7-text wpcf7-validates-as-required\" aria-required=\"true\" aria-invalid=\"false\" placeholder=\"Unternehmen\" value=\"\" type=\"text\" name=\"firma\" \/><\/span>\n<\/p>\n<p><strong>E-Mail-Adresse*:<\/strong><span class=\"wpcf7-form-control-wrap\" data-name=\"email\"><input size=\"40\" maxlength=\"400\" class=\"wpcf7-form-control wpcf7-email wpcf7-validates-as-required wpcf7-text wpcf7-validates-as-email\" aria-required=\"true\" aria-invalid=\"false\" placeholder=\"E-Mail-Adresse\" value=\"\" type=\"email\" name=\"email\" \/><\/span>\n<\/p>\n<p><strong>Wie sind Sie auf uns aufmerksam geworden?*<\/strong>\n<\/p>\n<p><span class=\"wpcf7-form-control-wrap\" data-name=\"aufmerksam\"><input size=\"40\" maxlength=\"400\" class=\"wpcf7-form-control wpcf7-text wpcf7-validates-as-required\" aria-required=\"true\" aria-invalid=\"false\" value=\"\" type=\"text\" name=\"aufmerksam\" \/><\/span>\n<\/p>\n<p><strong>Ich bitte um:<\/strong>\n<\/p>\n<p><span class=\"wpcf7-form-control-wrap\" data-name=\"Anliegen\"><span class=\"wpcf7-form-control wpcf7-checkbox\"><span class=\"wpcf7-list-item first\"><label><input type=\"checkbox\" name=\"Anliegen[]\" value=\"R\u00fcckruf\" \/><span class=\"wpcf7-list-item-label\">R\u00fcckruf<\/span><\/label><\/span><span class=\"wpcf7-list-item\"><label><input type=\"checkbox\" name=\"Anliegen[]\" value=\"Online-Demo\" \/><span class=\"wpcf7-list-item-label\">Online-Demo<\/span><\/label><\/span><span class=\"wpcf7-list-item\"><label><input type=\"checkbox\" name=\"Anliegen[]\" value=\"ePaper: DHC Managed Validation Services\" \/><span class=\"wpcf7-list-item-label\">ePaper: DHC Managed Validation Services<\/span><\/label><\/span><span class=\"wpcf7-list-item last\"><label><input type=\"checkbox\" name=\"Anliegen[]\" value=\"Websession-Podcast: Valider Betrieb von Cloud Solutions mit Managed Validation Services im regulierten Umfeld\" \/><span class=\"wpcf7-list-item-label\">Websession-Podcast: Valider Betrieb von Cloud Solutions mit Managed Validation Services im regulierten Umfeld<\/span><\/label><\/span><\/span><\/span>\n<\/p>\n<p><strong>Tel.-Nr.:<\/strong><span class=\"wpcf7-form-control-wrap\" data-name=\"tel\"><input size=\"40\" maxlength=\"400\" class=\"wpcf7-form-control wpcf7-text\" aria-invalid=\"false\" placeholder=\"Bitte hier einf\u00fcgen!\" value=\"\" type=\"text\" name=\"tel\" \/><\/span>\n<\/p>\n<p><strong>Ihre Nachricht:<\/strong>\n<\/p>\n<p><span class=\"wpcf7-form-control-wrap\" data-name=\"fragen\"><textarea cols=\"40\" rows=\"10\" maxlength=\"2000\" class=\"wpcf7-form-control wpcf7-textarea\" aria-invalid=\"false\" placeholder=\"Haben Sie Fragen, Anmerkungen etc.?\" name=\"fragen\"><\/textarea><\/span>\n<\/p>\n<p><strong>Datenschutzrechtliche Einwilligungserkl\u00e4rung*<\/strong><br \/>\n<span class=\"wpcf7-form-control-wrap\" data-name=\"datenschutz\"><span class=\"wpcf7-form-control wpcf7-acceptance\"><span class=\"wpcf7-list-item\"><label><input type=\"checkbox\" name=\"datenschutz\" value=\"1\" aria-invalid=\"false\" \/><span class=\"wpcf7-list-item-label\">Hiermit willige ich ein, dass mir die DHC f\u00fcr mich relevante Informationen zu den DHC Beratungsthemen und Veranstaltungen per E-Mail senden darf.\nMir ist bewusst, dass ich diese Einwilligung jederzeit ohne Angabe von Gr\u00fcnden mit Wirkung f\u00fcr die Zukunft widerrufen kann. Ich wurde davon in Kenntnis gesetzt, dass durch den Widerruf der Einwilligung die Rechtm\u00e4ssigkeit der aufgrund der Einwilligung bis zum Widerruf erfolgten Verarbeitung nicht ber\u00fchrt wird. Einen Abmeldelink finde ich in jeder E-Mail-Aussendung der DHC. Ich habe die oben angef\u00fchrten rechtlichen Hinweise zur Kenntnis genommen und erkenne die <a href=https:\/\/www.dhc-consulting.com\/ch\/datenschutzerklaerung\/><strong>Datenschutzerkl\u00e4rung<\/strong><\/a> der DHC Dr. Herterich & Consultants an.<\/span><\/label><\/span><\/span><\/span>\n<\/p>\n<p><input class=\"wpcf7-form-control wpcf7-submit has-spinner\" type=\"submit\" value=\"Senden\" \/>\n<\/p>\n<p>* Pflichtangaben\n<\/p><div class=\"wpcf7-response-output\" aria-hidden=\"true\"><\/div>\n<\/form>\n<\/div>\n\n","protected":false},"excerpt":{"rendered":"<p>Sie interessieren sich f\u00fcr die DHC Validation Services? Dann fordern Sie weitere Informationen an oder vereinbaren Sie jetzt ein unverbindliches Erstgespr\u00e4ch, und wir zeigen Ihnen, wie Sie mit den DHC Managed Validation Services Ihren Validierungsaufwand effizient bew\u00e4ltigen und audit-ready bleiben. Wir freuen uns auf den Austausch mit Ihnen!<\/p>\n","protected":false},"author":3,"featured_media":0,"parent":0,"menu_order":0,"comment_status":"closed","ping_status":"closed","template":"","meta":{"footnotes":""},"class_list":["post-16336","page","type-page","status-publish","hentry"],"yoast_head":"<!-- This site is optimized with the Yoast SEO plugin v27.4 - https:\/\/yoast.com\/product\/yoast-seo-wordpress\/ -->\n<title>Weitere Informationen zur Validierung von KI-Systemen | CH - DHC Consulting<\/title>\n<meta name=\"description\" content=\"Sie interessieren sich f\u00fcr die Validierung von KI-Systemen? Dann vereinbaren Sie jetzt ein unverbindliches Erstgespr\u00e4ch!\" \/>\n<meta name=\"robots\" content=\"index, follow, max-snippet:-1, max-image-preview:large, max-video-preview:-1\" \/>\n<link rel=\"canonical\" href=\"https:\/\/www.dhc-consulting.com\/ch\/weitere-informationen-zur-ki-system-validierung\/\" \/>\n<meta property=\"og:locale\" content=\"de_DE\" \/>\n<meta property=\"og:type\" content=\"article\" \/>\n<meta property=\"og:title\" content=\"Weitere Informationen zur Validierung von KI-Systemen | CH - DHC Consulting\" \/>\n<meta property=\"og:description\" content=\"Sie interessieren sich f\u00fcr die Validierung von KI-Systemen? Dann vereinbaren Sie jetzt ein unverbindliches Erstgespr\u00e4ch!\" \/>\n<meta property=\"og:url\" content=\"https:\/\/www.dhc-consulting.com\/ch\/weitere-informationen-zur-ki-system-validierung\/\" \/>\n<meta property=\"og:site_name\" content=\"CH - DHC Consulting\" \/>\n<meta property=\"article:publisher\" content=\"https:\/\/www.facebook.com\/DHCAG\/\" \/>\n<meta property=\"article:modified_time\" content=\"2024-12-10T14:52:40+00:00\" \/>\n<meta name=\"twitter:card\" content=\"summary_large_image\" \/>\n<meta name=\"twitter:site\" content=\"@dhcgmbh\" \/>\n<meta name=\"twitter:label1\" content=\"Gesch\u00e4tzte Lesezeit\" \/>\n\t<meta name=\"twitter:data1\" content=\"1\u00a0Minute\" \/>\n<script type=\"application\/ld+json\" class=\"yoast-schema-graph\">{\"@context\":\"https:\\\/\\\/schema.org\",\"@graph\":[{\"@type\":\"WebPage\",\"@id\":\"https:\\\/\\\/www.dhc-consulting.com\\\/ch\\\/weitere-informationen-zur-ki-system-validierung\\\/\",\"url\":\"https:\\\/\\\/www.dhc-consulting.com\\\/ch\\\/weitere-informationen-zur-ki-system-validierung\\\/\",\"name\":\"Weitere Informationen zur Validierung von KI-Systemen | CH - DHC Consulting\",\"isPartOf\":{\"@id\":\"https:\\\/\\\/www.dhc-consulting.com\\\/ch\\\/#website\"},\"datePublished\":\"2024-12-10T14:44:19+00:00\",\"dateModified\":\"2024-12-10T14:52:40+00:00\",\"description\":\"Sie interessieren sich f\u00fcr die Validierung von KI-Systemen? Dann vereinbaren Sie jetzt ein unverbindliches Erstgespr\u00e4ch!\",\"breadcrumb\":{\"@id\":\"https:\\\/\\\/www.dhc-consulting.com\\\/ch\\\/weitere-informationen-zur-ki-system-validierung\\\/#breadcrumb\"},\"inLanguage\":\"de-CH\",\"potentialAction\":[{\"@type\":\"ReadAction\",\"target\":[\"https:\\\/\\\/www.dhc-consulting.com\\\/ch\\\/weitere-informationen-zur-ki-system-validierung\\\/\"]}]},{\"@type\":\"BreadcrumbList\",\"@id\":\"https:\\\/\\\/www.dhc-consulting.com\\\/ch\\\/weitere-informationen-zur-ki-system-validierung\\\/#breadcrumb\",\"itemListElement\":[{\"@type\":\"ListItem\",\"position\":1,\"name\":\"Startseite\",\"item\":\"https:\\\/\\\/www.dhc-consulting.com\\\/ch\\\/\"},{\"@type\":\"ListItem\",\"position\":2,\"name\":\"Weitere Informationen zur Validierung von KI-Systemen\"}]},{\"@type\":\"WebSite\",\"@id\":\"https:\\\/\\\/www.dhc-consulting.com\\\/ch\\\/#website\",\"url\":\"https:\\\/\\\/www.dhc-consulting.com\\\/ch\\\/\",\"name\":\"CH - DHC Consulting\",\"description\":\"Beratungshaus f\u00fcr GxP-Compliance, SAP Life Sciences und Qualit\u00e4tsmanagement\",\"publisher\":{\"@id\":\"https:\\\/\\\/www.dhc-consulting.com\\\/ch\\\/#organization\"},\"potentialAction\":[{\"@type\":\"SearchAction\",\"target\":{\"@type\":\"EntryPoint\",\"urlTemplate\":\"https:\\\/\\\/www.dhc-consulting.com\\\/ch\\\/?s={search_term_string}\"},\"query-input\":{\"@type\":\"PropertyValueSpecification\",\"valueRequired\":true,\"valueName\":\"search_term_string\"}}],\"inLanguage\":\"de-CH\"},{\"@type\":\"Organization\",\"@id\":\"https:\\\/\\\/www.dhc-consulting.com\\\/ch\\\/#organization\",\"name\":\"DHC Dr. Herterich & Consultants GmbH\",\"url\":\"https:\\\/\\\/www.dhc-consulting.com\\\/ch\\\/\",\"logo\":{\"@type\":\"ImageObject\",\"inLanguage\":\"de-CH\",\"@id\":\"https:\\\/\\\/www.dhc-consulting.com\\\/ch\\\/#\\\/schema\\\/logo\\\/image\\\/\",\"url\":\"https:\\\/\\\/www.dhc-consulting.com\\\/ch\\\/wp-content\\\/uploads\\\/sites\\\/5\\\/2020\\\/05\\\/DHC-Consulting-Logo.png\",\"contentUrl\":\"https:\\\/\\\/www.dhc-consulting.com\\\/ch\\\/wp-content\\\/uploads\\\/sites\\\/5\\\/2020\\\/05\\\/DHC-Consulting-Logo.png\",\"width\":558,\"height\":219,\"caption\":\"DHC Dr. Herterich & Consultants GmbH\"},\"image\":{\"@id\":\"https:\\\/\\\/www.dhc-consulting.com\\\/ch\\\/#\\\/schema\\\/logo\\\/image\\\/\"},\"sameAs\":[\"https:\\\/\\\/www.facebook.com\\\/DHCAG\\\/\",\"https:\\\/\\\/x.com\\\/dhcgmbh\"]}]}<\/script>\n<!-- \/ Yoast SEO plugin. -->","yoast_head_json":{"title":"Weitere Informationen zur Validierung von KI-Systemen | CH - DHC Consulting","description":"Sie interessieren sich f\u00fcr die Validierung von KI-Systemen? Dann vereinbaren Sie jetzt ein unverbindliches Erstgespr\u00e4ch!","robots":{"index":"index","follow":"follow","max-snippet":"max-snippet:-1","max-image-preview":"max-image-preview:large","max-video-preview":"max-video-preview:-1"},"canonical":"https:\/\/www.dhc-consulting.com\/ch\/weitere-informationen-zur-ki-system-validierung\/","og_locale":"de_DE","og_type":"article","og_title":"Weitere Informationen zur Validierung von KI-Systemen | CH - DHC Consulting","og_description":"Sie interessieren sich f\u00fcr die Validierung von KI-Systemen? Dann vereinbaren Sie jetzt ein unverbindliches Erstgespr\u00e4ch!","og_url":"https:\/\/www.dhc-consulting.com\/ch\/weitere-informationen-zur-ki-system-validierung\/","og_site_name":"CH - DHC Consulting","article_publisher":"https:\/\/www.facebook.com\/DHCAG\/","article_modified_time":"2024-12-10T14:52:40+00:00","twitter_card":"summary_large_image","twitter_site":"@dhcgmbh","twitter_misc":{"Gesch\u00e4tzte Lesezeit":"1\u00a0Minute"},"schema":{"@context":"https:\/\/schema.org","@graph":[{"@type":"WebPage","@id":"https:\/\/www.dhc-consulting.com\/ch\/weitere-informationen-zur-ki-system-validierung\/","url":"https:\/\/www.dhc-consulting.com\/ch\/weitere-informationen-zur-ki-system-validierung\/","name":"Weitere Informationen zur Validierung von KI-Systemen | CH - DHC Consulting","isPartOf":{"@id":"https:\/\/www.dhc-consulting.com\/ch\/#website"},"datePublished":"2024-12-10T14:44:19+00:00","dateModified":"2024-12-10T14:52:40+00:00","description":"Sie interessieren sich f\u00fcr die Validierung von KI-Systemen? Dann vereinbaren Sie jetzt ein unverbindliches Erstgespr\u00e4ch!","breadcrumb":{"@id":"https:\/\/www.dhc-consulting.com\/ch\/weitere-informationen-zur-ki-system-validierung\/#breadcrumb"},"inLanguage":"de-CH","potentialAction":[{"@type":"ReadAction","target":["https:\/\/www.dhc-consulting.com\/ch\/weitere-informationen-zur-ki-system-validierung\/"]}]},{"@type":"BreadcrumbList","@id":"https:\/\/www.dhc-consulting.com\/ch\/weitere-informationen-zur-ki-system-validierung\/#breadcrumb","itemListElement":[{"@type":"ListItem","position":1,"name":"Startseite","item":"https:\/\/www.dhc-consulting.com\/ch\/"},{"@type":"ListItem","position":2,"name":"Weitere Informationen zur Validierung von KI-Systemen"}]},{"@type":"WebSite","@id":"https:\/\/www.dhc-consulting.com\/ch\/#website","url":"https:\/\/www.dhc-consulting.com\/ch\/","name":"CH - DHC Consulting","description":"Beratungshaus f\u00fcr GxP-Compliance, SAP Life Sciences und Qualit\u00e4tsmanagement","publisher":{"@id":"https:\/\/www.dhc-consulting.com\/ch\/#organization"},"potentialAction":[{"@type":"SearchAction","target":{"@type":"EntryPoint","urlTemplate":"https:\/\/www.dhc-consulting.com\/ch\/?s={search_term_string}"},"query-input":{"@type":"PropertyValueSpecification","valueRequired":true,"valueName":"search_term_string"}}],"inLanguage":"de-CH"},{"@type":"Organization","@id":"https:\/\/www.dhc-consulting.com\/ch\/#organization","name":"DHC Dr. Herterich & Consultants GmbH","url":"https:\/\/www.dhc-consulting.com\/ch\/","logo":{"@type":"ImageObject","inLanguage":"de-CH","@id":"https:\/\/www.dhc-consulting.com\/ch\/#\/schema\/logo\/image\/","url":"https:\/\/www.dhc-consulting.com\/ch\/wp-content\/uploads\/sites\/5\/2020\/05\/DHC-Consulting-Logo.png","contentUrl":"https:\/\/www.dhc-consulting.com\/ch\/wp-content\/uploads\/sites\/5\/2020\/05\/DHC-Consulting-Logo.png","width":558,"height":219,"caption":"DHC Dr. Herterich & Consultants GmbH"},"image":{"@id":"https:\/\/www.dhc-consulting.com\/ch\/#\/schema\/logo\/image\/"},"sameAs":["https:\/\/www.facebook.com\/DHCAG\/","https:\/\/x.com\/dhcgmbh"]}]}},"acf":[],"_links":{"self":[{"href":"https:\/\/www.dhc-consulting.com\/ch\/wp-json\/wp\/v2\/pages\/16336","targetHints":{"allow":["GET"]}}],"collection":[{"href":"https:\/\/www.dhc-consulting.com\/ch\/wp-json\/wp\/v2\/pages"}],"about":[{"href":"https:\/\/www.dhc-consulting.com\/ch\/wp-json\/wp\/v2\/types\/page"}],"author":[{"embeddable":true,"href":"https:\/\/www.dhc-consulting.com\/ch\/wp-json\/wp\/v2\/users\/3"}],"replies":[{"embeddable":true,"href":"https:\/\/www.dhc-consulting.com\/ch\/wp-json\/wp\/v2\/comments?post=16336"}],"version-history":[{"count":2,"href":"https:\/\/www.dhc-consulting.com\/ch\/wp-json\/wp\/v2\/pages\/16336\/revisions"}],"predecessor-version":[{"id":16340,"href":"https:\/\/www.dhc-consulting.com\/ch\/wp-json\/wp\/v2\/pages\/16336\/revisions\/16340"}],"wp:attachment":[{"href":"https:\/\/www.dhc-consulting.com\/ch\/wp-json\/wp\/v2\/media?parent=16336"}],"curies":[{"name":"wp","href":"https:\/\/api.w.org\/{rel}","templated":true}]}}